{"id":85,"date":"2022-01-26T13:47:47","date_gmt":"2022-01-26T13:47:47","guid":{"rendered":"https:\/\/www.victoriairsolutions.com\/?page_id=85"},"modified":"2022-01-26T20:07:32","modified_gmt":"2022-01-26T20:07:32","slug":"hablamos","status":"publish","type":"page","link":"https:\/\/www.victoriairsolutions.es\/es_es\/hablamos\/","title":{"rendered":"Hablamos?"},"content":{"rendered":"\n<h2 class=\"has-text-align-center wp-block-heading\" id=\"en-la-actualidad-contamos-con-una-linea-de-negocios-en-europa-y-africa-y-nos-estamos-expandiendo-con-nuevos-proyectos-en-el-caribe-y-sudamerica\"><strong>En la actualidad contamos con una l\u00ednea de negocios en Europa y \u00c1frica y nos estamos expandiendo con nuevos proyectos en el Caribe y Sudam\u00e9rica.&nbsp;<\/strong><\/h2>\n\n\n\n<p>En Victoria Air Solutions creemos en nuestros clientes y en la confianza que nos vincula a ellos. La comunicaci\u00f3n en ambas direcciones es la mejor herramienta para garantizar un producto de calidad que satisfaga las necesidades de nuestros clientes.&nbsp;<\/p>\n\n\n\n<p>Para nosotros cada proyecto en el que operamos es \u00fanico, le dedicamos todo el tiempo y dedicaci\u00f3n que su Empresa merece y mediante la comunicaci\u00f3n directa con nuestros socios establecemos en cada operaci\u00f3n unos cimientos s\u00f3lidos que nos permiten dirigirnos de manera estable, robusta y duradera al \u00e9xito.\u00a0<\/p>\n\n\n\n<h2 class=\"wp-block-heading\" id=\"contactanos\">CONT\u00c1CTANOS<\/h2>\n\n\n<div class=\"wpforms-container wpforms-container-full wpforms-block\" id=\"wpforms-158\"><form id=\"wpforms-form-158\" class=\"wpforms-validate wpforms-form\" data-formid=\"158\" method=\"post\" enctype=\"multipart\/form-data\" action=\"\/es_es\/wp-json\/wp\/v2\/pages\/85\" data-token=\"bce328703946f52288ed5f12aab7dc51\" data-token-time=\"1777627925\"><noscript class=\"wpforms-error-noscript\">Por favor, activa JavaScript en tu navegador para completar este formulario.<\/noscript><div class=\"wpforms-field-container\"><div id=\"wpforms-158-field_0-container\" class=\"wpforms-field wpforms-field-name wpforms-one-half wpforms-first\" data-field-id=\"0\"><label class=\"wpforms-field-label wpforms-label-hide\" for=\"wpforms-158-field_0\">Name <span class=\"wpforms-required-label\">*<\/span><\/label><input type=\"text\" id=\"wpforms-158-field_0\" class=\"wpforms-field-large wpforms-field-required\" name=\"wpforms[fields][0]\" placeholder=\"Your Name\" required><\/div><div id=\"wpforms-158-field_3-container\" class=\"wpforms-field wpforms-field-email wpforms-one-half\" data-field-id=\"3\"><label class=\"wpforms-field-label wpforms-label-hide\" for=\"wpforms-158-field_3\">Email <span class=\"wpforms-required-label\">*<\/span><\/label><input type=\"email\" id=\"wpforms-158-field_3\" class=\"wpforms-field-large wpforms-field-required\" name=\"wpforms[fields][3]\" placeholder=\"Your Email\" spellcheck=\"false\" required><\/div><div id=\"wpforms-158-field_4-container\" class=\"wpforms-field wpforms-field-text\" data-field-id=\"4\"><label class=\"wpforms-field-label wpforms-label-hide\" for=\"wpforms-158-field_4\">Subject<\/label><input type=\"text\" id=\"wpforms-158-field_4\" class=\"wpforms-field-large\" name=\"wpforms[fields][4]\" placeholder=\"Subject\" ><\/div><div id=\"wpforms-158-field_2-container\" class=\"wpforms-field wpforms-field-textarea\" data-field-id=\"2\"><label class=\"wpforms-field-label wpforms-label-hide\" for=\"wpforms-158-field_2\">Message <span class=\"wpforms-required-label\">*<\/span><\/label><textarea id=\"wpforms-158-field_2\" class=\"wpforms-field-medium wpforms-field-required\" name=\"wpforms[fields][2]\" placeholder=\"Your Message\" required><\/textarea><\/div><div id=\"wpforms-158-field_5-container\" class=\"wpforms-field wpforms-field-email\" data-field-id=\"5\"><label class=\"wpforms-field-label\" for=\"wpforms-158-field_5\">Correo electr\u00f3nico <span class=\"wpforms-required-label\">*<\/span><\/label><input type=\"email\" id=\"wpforms-158-field_5\" class=\"wpforms-field-medium wpforms-field-required\" name=\"wpforms[fields][5]\" spellcheck=\"false\" required><\/div><\/div><!-- .wpforms-field-container --><div class=\"wpforms-submit-container\" ><input type=\"hidden\" name=\"wpforms[id]\" value=\"158\"><input type=\"hidden\" name=\"page_title\" value=\"\"><input type=\"hidden\" name=\"page_url\" value=\"https:\/\/www.victoriairsolutions.es\/es_es\/wp-json\/wp\/v2\/pages\/85\"><input type=\"hidden\" name=\"url_referer\" value=\"\"><button type=\"submit\" name=\"wpforms[submit]\" id=\"wpforms-submit-158\" class=\"wpforms-submit\" data-alt-text=\"Sending...\" data-submit-text=\"Send message\" aria-live=\"assertive\" value=\"wpforms-submit\">Send message<\/button><\/div><\/form><\/div>  <!-- .wpforms-container -->\n\n\n<div class=\"wp-block-image\"><figure class=\"aligncenter size-full\"><img loading=\"lazy\" decoding=\"async\" width=\"367\" height=\"113\" src=\"http:\/\/www.victoriairsolutions.com\/wp-content\/uploads\/2021\/12\/LOGO-SLOGAN.png\" alt=\"\" class=\"wp-image-7\" srcset=\"https:\/\/www.victoriairsolutions.es\/wp-content\/uploads\/2021\/12\/LOGO-SLOGAN.png 367w, https:\/\/www.victoriairsolutions.es\/wp-content\/uploads\/2021\/12\/LOGO-SLOGAN-300x92.png 300w\" sizes=\"auto, (max-width: 367px) 100vw, 367px\" \/><\/figure><\/div>\n","protected":false},"excerpt":{"rendered":"<p>En la actualidad contamos con una l\u00ednea de negocios en Europa y \u00c1frica y nos estamos expandiendo con nuevos proyectos en el Caribe y Sudam\u00e9rica.&nbsp; En Victoria Air Solutions creemos en nuestros clientes y en la confianza que nos vincula a ellos. La comunicaci\u00f3n en ambas direcciones es la mejor [&hellip;]<\/p>\n","protected":false},"author":1,"featured_media":0,"parent":0,"menu_order":0,"comment_status":"closed","ping_status":"closed","template":"","meta":{"footnotes":""},"class_list":["post-85","page","type-page","status-publish","hentry"],"_links":{"self":[{"href":"https:\/\/www.victoriairsolutions.es\/es_es\/wp-json\/wp\/v2\/pages\/85","targetHints":{"allow":["GET"]}}],"collection":[{"href":"https:\/\/www.victoriairsolutions.es\/es_es\/wp-json\/wp\/v2\/pages"}],"about":[{"href":"https:\/\/www.victoriairsolutions.es\/es_es\/wp-json\/wp\/v2\/types\/page"}],"author":[{"embeddable":true,"href":"https:\/\/www.victoriairsolutions.es\/es_es\/wp-json\/wp\/v2\/users\/1"}],"replies":[{"embeddable":true,"href":"https:\/\/www.victoriairsolutions.es\/es_es\/wp-json\/wp\/v2\/comments?post=85"}],"version-history":[{"count":6,"href":"https:\/\/www.victoriairsolutions.es\/es_es\/wp-json\/wp\/v2\/pages\/85\/revisions"}],"predecessor-version":[{"id":161,"href":"https:\/\/www.victoriairsolutions.es\/es_es\/wp-json\/wp\/v2\/pages\/85\/revisions\/161"}],"wp:attachment":[{"href":"https:\/\/www.victoriairsolutions.es\/es_es\/wp-json\/wp\/v2\/media?parent=85"}],"curies":[{"name":"wp","href":"https:\/\/api.w.org\/{rel}","templated":true}]}}