{"id":76,"date":"2022-01-26T13:31:51","date_gmt":"2022-01-26T13:31:51","guid":{"rendered":"https:\/\/www.victoriairsolutions.com\/?page_id=76"},"modified":"2022-01-26T19:57:20","modified_gmt":"2022-01-26T19:57:20","slug":"que-ofrecemos","status":"publish","type":"page","link":"https:\/\/www.victoriairsolutions.es\/es_es\/que-ofrecemos\/","title":{"rendered":"Qu\u00e9 ofrecemos?"},"content":{"rendered":"\n<h2 class=\"has-text-align-center wp-block-heading\" id=\"servicio-de-adquisicion-de-aeronaves\">Servicio de adquisici\u00f3n de aeronaves<\/h2>\n\n\n\n<figure class=\"wp-block-gallery has-nested-images columns-default is-cropped wp-block-gallery-1 is-layout-flex wp-block-gallery-is-layout-flex\">\n<figure class=\"wp-block-image size-large\"><img loading=\"lazy\" decoding=\"async\" width=\"1024\" height=\"577\" data-id=\"142\" src=\"https:\/\/www.victoriairsolutions.com\/wp-content\/uploads\/2022\/01\/6vas_imagenes-1024x577.png\" alt=\"\" class=\"wp-image-142\" srcset=\"https:\/\/www.victoriairsolutions.es\/wp-content\/uploads\/2022\/01\/6vas_imagenes-1024x577.png 1024w, https:\/\/www.victoriairsolutions.es\/wp-content\/uploads\/2022\/01\/6vas_imagenes-300x169.png 300w, https:\/\/www.victoriairsolutions.es\/wp-content\/uploads\/2022\/01\/6vas_imagenes-768x433.png 768w, https:\/\/www.victoriairsolutions.es\/wp-content\/uploads\/2022\/01\/6vas_imagenes-1536x865.png 1536w, https:\/\/www.victoriairsolutions.es\/wp-content\/uploads\/2022\/01\/6vas_imagenes.png 1640w\" sizes=\"auto, (max-width: 1024px) 100vw, 1024px\" \/><\/figure>\n<\/figure>\n\n\n\n<p class=\"has-text-align-center\">Estamos conectados a una extensa red internacional de contactos que incluye fabricantes, centros de mantenimiento y de distribuci\u00f3n dentro la industria de la aviaci\u00f3n. Nuestro equipo le guiar\u00e1 a trav\u00e9s de ella y le asistir\u00e1 para encontrar la aeronave que Usted necesita en cada momento ofreci\u00e9ndole la forma m\u00e1s beneficiosa en todo momento (ACMI, Wet\/Dry Lease, Charter\u2026).<\/p>\n\n\n\n<p class=\"has-text-align-center\">Mejoraremos el posicionamiento y estrategia de sus operaciones haci\u00e9ndolas m\u00e1s eficientes y duraderas.<\/p>\n\n\n\n<h2 class=\"has-text-align-center wp-block-heading\" id=\"revenue\">Revenue<\/h2>\n\n\n\n<figure class=\"wp-block-image size-large\"><img loading=\"lazy\" decoding=\"async\" width=\"1024\" height=\"577\" src=\"https:\/\/www.victoriairsolutions.com\/wp-content\/uploads\/2022\/01\/4vas_imagenes-1024x577.png\" alt=\"\" class=\"wp-image-145\" srcset=\"https:\/\/www.victoriairsolutions.es\/wp-content\/uploads\/2022\/01\/4vas_imagenes-1024x577.png 1024w, https:\/\/www.victoriairsolutions.es\/wp-content\/uploads\/2022\/01\/4vas_imagenes-300x169.png 300w, https:\/\/www.victoriairsolutions.es\/wp-content\/uploads\/2022\/01\/4vas_imagenes-768x433.png 768w, https:\/\/www.victoriairsolutions.es\/wp-content\/uploads\/2022\/01\/4vas_imagenes-1536x865.png 1536w, https:\/\/www.victoriairsolutions.es\/wp-content\/uploads\/2022\/01\/4vas_imagenes.png 1640w\" sizes=\"auto, (max-width: 1024px) 100vw, 1024px\" \/><\/figure>\n\n\n\n<p class=\"has-text-align-center\">Estrategias de venta a la medida de cada cliente.<\/p>\n\n\n\n<p class=\"has-text-align-center\">Optimizaci\u00f3n de&nbsp;&nbsp;costes.<\/p>\n\n\n\n<h2 class=\"has-text-align-center wp-block-heading\" id=\"respaldo\">Respaldo<\/h2>\n\n\n\n<figure class=\"wp-block-gallery has-nested-images columns-default is-cropped wp-block-gallery-2 is-layout-flex wp-block-gallery-is-layout-flex\">\n<figure class=\"wp-block-image size-large\"><img loading=\"lazy\" decoding=\"async\" width=\"1024\" height=\"577\" data-id=\"146\" src=\"https:\/\/www.victoriairsolutions.com\/wp-content\/uploads\/2022\/01\/3vas_imagenes-1024x577.png\" alt=\"\" class=\"wp-image-146\" srcset=\"https:\/\/www.victoriairsolutions.es\/wp-content\/uploads\/2022\/01\/3vas_imagenes-1024x577.png 1024w, https:\/\/www.victoriairsolutions.es\/wp-content\/uploads\/2022\/01\/3vas_imagenes-300x169.png 300w, https:\/\/www.victoriairsolutions.es\/wp-content\/uploads\/2022\/01\/3vas_imagenes-768x433.png 768w, https:\/\/www.victoriairsolutions.es\/wp-content\/uploads\/2022\/01\/3vas_imagenes-1536x865.png 1536w, https:\/\/www.victoriairsolutions.es\/wp-content\/uploads\/2022\/01\/3vas_imagenes.png 1640w\" sizes=\"auto, (max-width: 1024px) 100vw, 1024px\" \/><\/figure>\n<\/figure>\n\n\n\n<p class=\"has-text-align-center\">Respaldo log\u00edstico en vuelos de carga a trav\u00e9s de nuestros agentes, freight forwarders y colaboradores.<\/p>\n\n\n\n<p class=\"has-text-align-center\">Asesoramiento integral a operadores a\u00e9reos. Desde la realizaci\u00f3n de un business plan a un seguimiento del control operacional.<\/p>\n\n\n\n<div class=\"wp-block-image\"><figure class=\"aligncenter size-full\"><img loading=\"lazy\" decoding=\"async\" width=\"367\" height=\"113\" src=\"http:\/\/www.victoriairsolutions.com\/wp-content\/uploads\/2021\/12\/LOGO-SLOGAN.png\" alt=\"\" class=\"wp-image-7\" srcset=\"https:\/\/www.victoriairsolutions.es\/wp-content\/uploads\/2021\/12\/LOGO-SLOGAN.png 367w, https:\/\/www.victoriairsolutions.es\/wp-content\/uploads\/2021\/12\/LOGO-SLOGAN-300x92.png 300w\" sizes=\"auto, (max-width: 367px) 100vw, 367px\" \/><\/figure><\/div>\n","protected":false},"excerpt":{"rendered":"<p>Servicio de adquisici\u00f3n de aeronaves Estamos conectados a una extensa red internacional de contactos que incluye fabricantes, centros de mantenimiento y de distribuci\u00f3n dentro la industria de la aviaci\u00f3n. Nuestro equipo le guiar\u00e1 a trav\u00e9s de ella y le asistir\u00e1 para encontrar la aeronave que Usted necesita en cada momento [&hellip;]<\/p>\n","protected":false},"author":1,"featured_media":0,"parent":0,"menu_order":0,"comment_status":"closed","ping_status":"closed","template":"","meta":{"footnotes":""},"class_list":["post-76","page","type-page","status-publish","hentry"],"_links":{"self":[{"href":"https:\/\/www.victoriairsolutions.es\/es_es\/wp-json\/wp\/v2\/pages\/76","targetHints":{"allow":["GET"]}}],"collection":[{"href":"https:\/\/www.victoriairsolutions.es\/es_es\/wp-json\/wp\/v2\/pages"}],"about":[{"href":"https:\/\/www.victoriairsolutions.es\/es_es\/wp-json\/wp\/v2\/types\/page"}],"author":[{"embeddable":true,"href":"https:\/\/www.victoriairsolutions.es\/es_es\/wp-json\/wp\/v2\/users\/1"}],"replies":[{"embeddable":true,"href":"https:\/\/www.victoriairsolutions.es\/es_es\/wp-json\/wp\/v2\/comments?post=76"}],"version-history":[{"count":4,"href":"https:\/\/www.victoriairsolutions.es\/es_es\/wp-json\/wp\/v2\/pages\/76\/revisions"}],"predecessor-version":[{"id":156,"href":"https:\/\/www.victoriairsolutions.es\/es_es\/wp-json\/wp\/v2\/pages\/76\/revisions\/156"}],"wp:attachment":[{"href":"https:\/\/www.victoriairsolutions.es\/es_es\/wp-json\/wp\/v2\/media?parent=76"}],"curies":[{"name":"wp","href":"https:\/\/api.w.org\/{rel}","templated":true}]}}