{"id":71,"date":"2022-01-26T13:25:35","date_gmt":"2022-01-26T13:25:35","guid":{"rendered":"https:\/\/www.victoriairsolutions.com\/?page_id=71"},"modified":"2022-01-26T19:38:50","modified_gmt":"2022-01-26T19:38:50","slug":"quienes-somos","status":"publish","type":"page","link":"https:\/\/www.victoriairsolutions.es\/es_es\/quienes-somos\/","title":{"rendered":"Qui\u00e9nes somos?"},"content":{"rendered":"\n<p class=\"has-drop-cap\" style=\"font-style:normal;font-weight:500\">Tras muchos a\u00f1os colaborando con otras empresas, finalmente nos decidimos en 2021 por la creaci\u00f3n de nuestra propia Start up en la ciudad de Barcelona, hub Mediterr\u00e1neo con grandes posibilidades de conexi\u00f3n a\u00e9rea y mar\u00edtima. La Pandemia no deb\u00eda ni pod\u00eda obstaculizar una idea que llev\u00e1bamos tiempo en la cabeza.<\/p>\n\n\n\n<p><\/p>\n\n\n\n<figure class=\"wp-block-image size-large\"><img loading=\"lazy\" decoding=\"async\" width=\"1024\" height=\"577\" src=\"https:\/\/www.victoriairsolutions.com\/wp-content\/uploads\/2022\/01\/7vas_imagenes-1024x577.png\" alt=\"\" class=\"wp-image-140\" srcset=\"https:\/\/www.victoriairsolutions.es\/wp-content\/uploads\/2022\/01\/7vas_imagenes-1024x577.png 1024w, https:\/\/www.victoriairsolutions.es\/wp-content\/uploads\/2022\/01\/7vas_imagenes-300x169.png 300w, https:\/\/www.victoriairsolutions.es\/wp-content\/uploads\/2022\/01\/7vas_imagenes-768x433.png 768w, https:\/\/www.victoriairsolutions.es\/wp-content\/uploads\/2022\/01\/7vas_imagenes-1536x865.png 1536w, https:\/\/www.victoriairsolutions.es\/wp-content\/uploads\/2022\/01\/7vas_imagenes.png 1640w\" sizes=\"auto, (max-width: 1024px) 100vw, 1024px\" \/><\/figure>\n\n\n\n<p>Desde el principio ten\u00edamos muy claro nuestro objetivo: Facilitar el transporte de pasajeros y mercanc\u00edas sin importar el qu\u00e9 y el d\u00f3nde&#8230; Nuestra red nos permite enlazar cualquier parte del mundo ofreciendo a nuestros clientes un servicio personalizado en el que con una simple llamada o un click poder ofrecer el soporte que necesitan. <\/p>\n\n\n\n<div class=\"wp-block-image\"><figure class=\"aligncenter size-full\"><img loading=\"lazy\" decoding=\"async\" width=\"367\" height=\"113\" src=\"http:\/\/www.victoriairsolutions.com\/wp-content\/uploads\/2021\/12\/LOGO-SLOGAN.png\" alt=\"\" class=\"wp-image-7\" srcset=\"https:\/\/www.victoriairsolutions.es\/wp-content\/uploads\/2021\/12\/LOGO-SLOGAN.png 367w, https:\/\/www.victoriairsolutions.es\/wp-content\/uploads\/2021\/12\/LOGO-SLOGAN-300x92.png 300w\" sizes=\"auto, (max-width: 367px) 100vw, 367px\" \/><\/figure><\/div>\n","protected":false},"excerpt":{"rendered":"<p>Tras muchos a\u00f1os colaborando con otras empresas, finalmente nos decidimos en 2021 por la creaci\u00f3n de nuestra propia Start up en la ciudad de Barcelona, hub Mediterr\u00e1neo con grandes posibilidades de conexi\u00f3n a\u00e9rea y mar\u00edtima. La Pandemia no deb\u00eda ni pod\u00eda obstaculizar una idea que llev\u00e1bamos tiempo en la cabeza. [&hellip;]<\/p>\n","protected":false},"author":1,"featured_media":0,"parent":0,"menu_order":0,"comment_status":"closed","ping_status":"closed","template":"","meta":{"footnotes":""},"class_list":["post-71","page","type-page","status-publish","hentry"],"_links":{"self":[{"href":"https:\/\/www.victoriairsolutions.es\/es_es\/wp-json\/wp\/v2\/pages\/71","targetHints":{"allow":["GET"]}}],"collection":[{"href":"https:\/\/www.victoriairsolutions.es\/es_es\/wp-json\/wp\/v2\/pages"}],"about":[{"href":"https:\/\/www.victoriairsolutions.es\/es_es\/wp-json\/wp\/v2\/types\/page"}],"author":[{"embeddable":true,"href":"https:\/\/www.victoriairsolutions.es\/es_es\/wp-json\/wp\/v2\/users\/1"}],"replies":[{"embeddable":true,"href":"https:\/\/www.victoriairsolutions.es\/es_es\/wp-json\/wp\/v2\/comments?post=71"}],"version-history":[{"count":4,"href":"https:\/\/www.victoriairsolutions.es\/es_es\/wp-json\/wp\/v2\/pages\/71\/revisions"}],"predecessor-version":[{"id":141,"href":"https:\/\/www.victoriairsolutions.es\/es_es\/wp-json\/wp\/v2\/pages\/71\/revisions\/141"}],"wp:attachment":[{"href":"https:\/\/www.victoriairsolutions.es\/es_es\/wp-json\/wp\/v2\/media?parent=71"}],"curies":[{"name":"wp","href":"https:\/\/api.w.org\/{rel}","templated":true}]}}