{"id":74,"date":"2022-01-26T13:27:26","date_gmt":"2022-01-26T13:27:26","guid":{"rendered":"https:\/\/www.victoriairsolutions.com\/?page_id=74"},"modified":"2022-01-26T19:51:28","modified_gmt":"2022-01-26T19:51:28","slug":"porque-nosotros","status":"publish","type":"page","link":"https:\/\/www.victoriairsolutions.es\/en\/porque-nosotros\/","title":{"rendered":"Porqu\u00e9 nosotros?"},"content":{"rendered":"<h2 class=\"has-text-align-center wp-block-heading\" id=\"en-victoria-air-solutions-estamos-en-contacto-continuo-con-nuestros-clientes-y-operadores-y-evaluamos-que-tipo-de-aeronave-encaja-con-sus-necesidades-operativas\">En Victoria Air Solutions estamos en contacto continuo con nuestros clientes y operadores y evaluamos qu\u00e9 tipo de aeronave encaja con sus necesidades operativas.<\/h2>\n\n\n\n<figure class=\"wp-block-gallery has-nested-images columns-default is-cropped wp-block-gallery-1 is-layout-flex wp-block-gallery-is-layout-flex\">\n<figure class=\"wp-block-image size-large\"><img loading=\"lazy\" decoding=\"async\" width=\"1024\" height=\"577\" data-id=\"150\" src=\"https:\/\/www.victoriairsolutions.com\/wp-content\/uploads\/2022\/01\/vas-avion-1024x577.png\" alt=\"\" class=\"wp-image-150\" srcset=\"https:\/\/www.victoriairsolutions.es\/wp-content\/uploads\/2022\/01\/vas-avion-1024x577.png 1024w, https:\/\/www.victoriairsolutions.es\/wp-content\/uploads\/2022\/01\/vas-avion-300x169.png 300w, https:\/\/www.victoriairsolutions.es\/wp-content\/uploads\/2022\/01\/vas-avion-768x433.png 768w, https:\/\/www.victoriairsolutions.es\/wp-content\/uploads\/2022\/01\/vas-avion-1536x865.png 1536w, https:\/\/www.victoriairsolutions.es\/wp-content\/uploads\/2022\/01\/vas-avion.png 1640w\" sizes=\"auto, (max-width: 1024px) 100vw, 1024px\" \/><\/figure>\n<\/figure>\n\n\n\n<p class=\"has-text-align-center\">Si Usted, su cliente u operador est\u00e1n contemplando la apertura de nuevas rutas, nosotros, a trav\u00e9s de nuestro equipo de planificaci\u00f3n le ayudaremos durante el proceso para conseguir los permisos necesarios con las Autoridades pertinentes facilit\u00e1ndole su puesta marcha optimizando costes y&nbsp;&nbsp;tiempo.<\/p>\n\n\n\n<p class=\"has-text-align-center\">Tanto como si su mercanc\u00eda requiere de un especial trato como si no las requiere nosotros trabajamos para asegurarle un proceso de transporte y entrega puntual a su destino.<\/p>\n\n\n\n<div class=\"wp-block-image\"><figure class=\"aligncenter size-full\"><img loading=\"lazy\" decoding=\"async\" width=\"367\" height=\"113\" src=\"http:\/\/www.victoriairsolutions.com\/wp-content\/uploads\/2021\/12\/LOGO-SLOGAN.png\" alt=\"\" class=\"wp-image-7\" srcset=\"https:\/\/www.victoriairsolutions.es\/wp-content\/uploads\/2021\/12\/LOGO-SLOGAN.png 367w, https:\/\/www.victoriairsolutions.es\/wp-content\/uploads\/2021\/12\/LOGO-SLOGAN-300x92.png 300w\" sizes=\"auto, (max-width: 367px) 100vw, 367px\" \/><\/figure><\/div>","protected":false},"excerpt":{"rendered":"<p>En Victoria Air Solutions estamos en contacto continuo con nuestros clientes y operadores y evaluamos qu\u00e9 tipo de aeronave encaja con sus necesidades operativas. Si Usted, su cliente u operador est\u00e1n contemplando la apertura de nuevas rutas, nosotros, a trav\u00e9s de nuestro equipo de planificaci\u00f3n le ayudaremos durante el proceso [&hellip;]<\/p>","protected":false},"author":1,"featured_media":150,"parent":0,"menu_order":0,"comment_status":"closed","ping_status":"closed","template":"","meta":{"footnotes":""},"class_list":["post-74","page","type-page","status-publish","has-post-thumbnail","hentry"],"_links":{"self":[{"href":"https:\/\/www.victoriairsolutions.es\/en\/wp-json\/wp\/v2\/pages\/74","targetHints":{"allow":["GET"]}}],"collection":[{"href":"https:\/\/www.victoriairsolutions.es\/en\/wp-json\/wp\/v2\/pages"}],"about":[{"href":"https:\/\/www.victoriairsolutions.es\/en\/wp-json\/wp\/v2\/types\/page"}],"author":[{"embeddable":true,"href":"https:\/\/www.victoriairsolutions.es\/en\/wp-json\/wp\/v2\/users\/1"}],"replies":[{"embeddable":true,"href":"https:\/\/www.victoriairsolutions.es\/en\/wp-json\/wp\/v2\/comments?post=74"}],"version-history":[{"count":4,"href":"https:\/\/www.victoriairsolutions.es\/en\/wp-json\/wp\/v2\/pages\/74\/revisions"}],"predecessor-version":[{"id":151,"href":"https:\/\/www.victoriairsolutions.es\/en\/wp-json\/wp\/v2\/pages\/74\/revisions\/151"}],"wp:featuredmedia":[{"embeddable":true,"href":"https:\/\/www.victoriairsolutions.es\/en\/wp-json\/wp\/v2\/media\/150"}],"wp:attachment":[{"href":"https:\/\/www.victoriairsolutions.es\/en\/wp-json\/wp\/v2\/media?parent=74"}],"curies":[{"name":"wp","href":"https:\/\/api.w.org\/{rel}","templated":true}]}}